{"id":654,"date":"2023-03-31T22:44:40","date_gmt":"2023-03-31T22:44:40","guid":{"rendered":"https:\/\/softpower.world\/?page_id=654"},"modified":"2023-05-05T18:14:42","modified_gmt":"2023-05-05T18:14:42","slug":"eva-herrmann","status":"publish","type":"page","link":"https:\/\/softpower.world\/en\/info\/eva-herrmann\/","title":{"rendered":"Eva Herrmann"},"content":{"rendered":"<div id=\"modal-ready\">\n<h2 class=\"wp-block-heading pb-3\">Eva Herrmann<\/h2>\n\n\n\n<p>Eva Herrmann's work addresses the role art plays in social transformation processes and questions what fusions it can enter into in order to stimulate thought-provoking impulses for the future. She completed a BA in Integrated Design at the Technical University of Cologne and subsequently studied in the MA programme Futurology at the Free University of Berlin with a focus on sociology and politics (although the latter degree remains unfinished to date \u2013 it is difficult to draw a line under the *future*). She has been involved in various curatorial projects within the independent scene in Cologne and Berlin for the past ten years, was employed by a contemporary art gallery in Berlin, as well as working for the platform for young contemporary art KubaParis. In addition to her work as co-director of <em>soft power<\/em> she is currently working as a project-related assistant to the Berlin-based artist Yalda Afsah and as the manager of a restaurant in Berlin.<\/p>\n\n\n\n<p><a href=\"mailto:eva@softpower.world\" target=\"_blank\" rel=\"noreferrer noopener\">eva@softpower.world<\/a><\/p>\n<\/div>","protected":false},"excerpt":{"rendered":"<p>Eva Herrmann Eva Herrmann setzt sich in ihrer Arbeit mit der Frage auseinander, welche Rolle Kunst in gesellschaftlichen Transformationsprozessen spielt und welche Fusionen sie eingehen kann, um Denkanst\u00f6\u00dfe f\u00fcr die Zukunft anzuregen. Sie studierte im BA Integrated Design an der Technischen Hochschule K\u00f6ln und daraufhin im MA Zukunftsforschung mit Schwerpunkt Soziologie und Politik an der<\/p>","protected":false},"author":1,"featured_media":0,"parent":156,"menu_order":0,"comment_status":"closed","ping_status":"closed","template":"","meta":{"_acf_changed":false,"footnotes":""},"class_list":["post-654","page","type-page","status-publish","hentry"],"acf":[],"_links":{"self":[{"href":"https:\/\/softpower.world\/en\/wp-json\/wp\/v2\/pages\/654","targetHints":{"allow":["GET"]}}],"collection":[{"href":"https:\/\/softpower.world\/en\/wp-json\/wp\/v2\/pages"}],"about":[{"href":"https:\/\/softpower.world\/en\/wp-json\/wp\/v2\/types\/page"}],"author":[{"embeddable":true,"href":"https:\/\/softpower.world\/en\/wp-json\/wp\/v2\/users\/1"}],"replies":[{"embeddable":true,"href":"https:\/\/softpower.world\/en\/wp-json\/wp\/v2\/comments?post=654"}],"version-history":[{"count":6,"href":"https:\/\/softpower.world\/en\/wp-json\/wp\/v2\/pages\/654\/revisions"}],"predecessor-version":[{"id":1616,"href":"https:\/\/softpower.world\/en\/wp-json\/wp\/v2\/pages\/654\/revisions\/1616"}],"up":[{"embeddable":true,"href":"https:\/\/softpower.world\/en\/wp-json\/wp\/v2\/pages\/156"}],"wp:attachment":[{"href":"https:\/\/softpower.world\/en\/wp-json\/wp\/v2\/media?parent=654"}],"curies":[{"name":"wp","href":"https:\/\/api.w.org\/{rel}","templated":true}]}}