{"id":156,"date":"2023-02-22T22:47:34","date_gmt":"2023-02-22T22:47:34","guid":{"rendered":"https:\/\/softpower.world\/?page_id=156"},"modified":"2026-02-27T12:46:18","modified_gmt":"2026-02-27T12:46:18","slug":"info","status":"publish","type":"page","link":"https:\/\/softpower.world\/en\/info\/","title":{"rendered":"Information"},"content":{"rendered":"<div id=\"modal-ready\">\n<div id=\"ueber\" class=\"wp-block-group col-6 p-4 bg-white ueber shadow-lg\"><div class=\"wp-block-group__inner-container is-layout-constrained wp-block-group-is-layout-constrained\">\n<h2 class=\"wp-block-heading pb-2\">About soft power<\/h2>\n\n\n\n<p> <br><em>soft power <\/em>is a non-profit art association and venue for artistic projects. As a conceptual framework <em>soft power<\/em> appropriates a political term that describes and uses the influence which \u201dsoft\u201d assets such as culture and art can have on policies and economic spheres. The ongoing programme is guided by the question how this notion can be productively subverted, challenged and reclaimed from an artistic perspective. The growing number of members of the art association (Kunstverein) supports our work and is encouraged to get involved in the programming.<\/p>\n\n\n\n<p>Artistic directors (as of October 2024): <a class=\"modal-link\" href=\"https:\/\/softpower.world\/en\/info\/linnea-bake\/\">Linn\u00e9a Bake<\/a> and <a class=\"modal-link\" href=\"https:\/\/softpower.world\/en\/info\/eva-herrmann\/\">Eva Herrmann<\/a><\/p>\n\n\n\n<p>Co-founders and artistic directors (until September 2024): Linn\u00e9a Bake, Eva Herrmann, Melissa L\u00fccking and Donna Volta Newmen<\/p>\n<\/div><\/div>\n\n\n\n<div id=\"ueber-bild\" class=\"wp-block-group ueber-bild to-front shadow-lg\"><div class=\"wp-block-group__inner-container is-layout-constrained wp-block-group-is-layout-constrained\">\n<figure class=\"wp-block-image size-large\"><noscript><img decoding=\"async\" width=\"683\" height=\"1024\" src=\"https:\/\/softpower.world\/wp-content\/uploads\/2023\/03\/soft_power_ueber-683x1024.jpg\" alt class=\"wp-image-536\" title srcset=\"https:\/\/softpower.world\/wp-content\/uploads\/2023\/03\/soft_power_ueber-683x1024.jpg 683w, https:\/\/softpower.world\/wp-content\/uploads\/2023\/03\/soft_power_ueber-200x300.jpg 200w, https:\/\/softpower.world\/wp-content\/uploads\/2023\/03\/soft_power_ueber-768x1152.jpg 768w, https:\/\/softpower.world\/wp-content\/uploads\/2023\/03\/soft_power_ueber-8x12.jpg 8w, https:\/\/softpower.world\/wp-content\/uploads\/2023\/03\/soft_power_ueber.jpg 872w\" sizes=\"(max-width: 683px) 100vw, 683px\"><\/noscript><img decoding=\"async\" width=\"683\" height=\"1024\" src=\"data:image\/svg+xml,%3Csvg%20xmlns%3D%22http%3A%2F%2Fwww.w3.org%2F2000%2Fsvg%22%20viewBox%3D%220%200%20683%201024%22%3E%3C%2Fsvg%3E\" alt class=\"wp-image-536 lazyload\" title srcset=\"data:image\/svg+xml,%3Csvg%20xmlns%3D%22http%3A%2F%2Fwww.w3.org%2F2000%2Fsvg%22%20viewBox%3D%220%200%20683%201024%22%3E%3C%2Fsvg%3E 683w\" sizes=\"(max-width: 683px) 100vw, 683px\" data-srcset=\"https:\/\/softpower.world\/wp-content\/uploads\/2023\/03\/soft_power_ueber-683x1024.jpg 683w, https:\/\/softpower.world\/wp-content\/uploads\/2023\/03\/soft_power_ueber-200x300.jpg 200w, https:\/\/softpower.world\/wp-content\/uploads\/2023\/03\/soft_power_ueber-768x1152.jpg 768w, https:\/\/softpower.world\/wp-content\/uploads\/2023\/03\/soft_power_ueber-8x12.jpg 8w, https:\/\/softpower.world\/wp-content\/uploads\/2023\/03\/soft_power_ueber.jpg 872w\" data-src=\"https:\/\/softpower.world\/wp-content\/uploads\/2023\/03\/soft_power_ueber-683x1024.jpg\" loading=\"lazy\"><\/figure>\n<\/div><\/div>\n\n\n\n<div id=\"instagram\" class=\"wp-block-group d-none col-3 p-4 bg-white instagram to-front shadow-lg\"><div class=\"wp-block-group__inner-container is-layout-constrained wp-block-group-is-layout-constrained\">\n<h2 class=\"wp-block-heading pb-2\">Instagram<\/h2>\n\n\n\n<p>Folge <a href=\"https:\/\/www.instagram.com\/softpowerverysoft\/\" target=\"_blank\" rel=\"noreferrer noopener\">@softpowerverysoft<\/a> auf Instagram<\/p>\n<\/div><\/div>\n\n\n\n<div id=\"haltung\" class=\"wp-block-group col-3 p-4 bg-white haltung to-front shadow-lg\"><div class=\"wp-block-group__inner-container is-layout-constrained wp-block-group-is-layout-constrained\">\n<h2 class=\"wp-block-heading pb-2\">Positioning<\/h2>\n\n\n\n<p class=\"d-none translation-block\">As a growing organisation, we are continuously working on establishing, developing and implementing our institutional position and principles. As a <a class=\"modal-link\" href=\"https:\/\/softpower.world\/en\/info\/nicht-kommerzieller-und-unabhaengiger-raum\/\" target=\"_self\">non-commercial and independent space<\/a> for artistic projects, it is of great concern to us to make the internal structures and working methods of soft power increasingly <a class=\"modal-link\" href=\"https:\/\/softpower.world\/en\/info\/transparent\/\" target=\"_self\">transparent<\/a>, in order to draw attention to oftentimes precarious working conditions in the cultural sector. It is our goal not only to address structural deficiencies in the field, but also to contribute to overcoming them as an organisation, for example through our institutional stance on <a class=\"modal-link\" href=\"https:\/\/softpower.world\/en\/info\/verguetung\/\" target=\"_self\">remuneration<\/a>. In this and all other contexts, we <a class=\"modal-link\" href=\"https:\/\/softpower.world\/en\/info\/gegen-jegliche-form-der-diskriminierung\/\" target=\"_self\">oppose any form of discrimination<\/a>, be it structural or individual. As an art association, exhibition and working space, we want to create an environment in which respectful, equal and enriching interaction can take place.<\/p>\n\n\n\n<p>As a growing organisation, we are continuously working on establishing, developing and implementing our institutional position and principles. As a <a class=\"modal-link\" href=\"https:\/\/softpower.world\/en\/info\/nicht-kommerzieller-und-unabhaengiger-raum\/\">non-commercial and independent space<\/a> for artistic projects, it is of great concern to us to make our internal structures and working methods increasingly <a class=\"modal-link\" href=\"https:\/\/softpower.world\/en\/info\/transparent\/\">transparent<\/a> in order to draw attention to oftentimes precarious working conditions in the cultural sector. It is our goal not only to address structural deficiencies in the field, but also to contribute to overcoming them as an organisation, for example through our institutional stance on <a class=\"modal-link\" href=\"https:\/\/softpower.world\/en\/info\/verguetung\/\">Remuneration<\/a>. In this and all other contexts, we <a class=\"modal-link\" href=\"https:\/\/softpower.world\/en\/info\/gegen-jegliche-form-der-diskriminierung\/\">oppose any form of discrimination<\/a>, be it structural or individual. As an art association, exhibition and working space, we want to create an environment in which respectful, equal and enriching interaction can take place.<\/p>\n<\/div><\/div>\n\n\n\n<div id=\"kontakt-bild\" class=\"wp-block-group kontakt-bild to-front shadow-lg\"><div class=\"wp-block-group__inner-container is-layout-constrained wp-block-group-is-layout-constrained\">\n<figure class=\"wp-block-image size-full\"><noscript><img decoding=\"async\" width=\"666\" height=\"998\" src=\"https:\/\/softpower.world\/wp-content\/uploads\/2023\/03\/soft_power_ueber3.jpg\" alt class=\"wp-image-560\" title srcset=\"https:\/\/softpower.world\/wp-content\/uploads\/2023\/03\/soft_power_ueber3.jpg 666w, https:\/\/softpower.world\/wp-content\/uploads\/2023\/03\/soft_power_ueber3-200x300.jpg 200w, https:\/\/softpower.world\/wp-content\/uploads\/2023\/03\/soft_power_ueber3-8x12.jpg 8w\" sizes=\"(max-width: 666px) 100vw, 666px\"><\/noscript><img decoding=\"async\" width=\"666\" height=\"998\" src=\"data:image\/svg+xml,%3Csvg%20xmlns%3D%22http%3A%2F%2Fwww.w3.org%2F2000%2Fsvg%22%20viewBox%3D%220%200%20666%20998%22%3E%3C%2Fsvg%3E\" alt class=\"wp-image-560 lazyload\" title srcset=\"data:image\/svg+xml,%3Csvg%20xmlns%3D%22http%3A%2F%2Fwww.w3.org%2F2000%2Fsvg%22%20viewBox%3D%220%200%20666%20998%22%3E%3C%2Fsvg%3E 666w\" sizes=\"(max-width: 666px) 100vw, 666px\" data-srcset=\"https:\/\/softpower.world\/wp-content\/uploads\/2023\/03\/soft_power_ueber3.jpg 666w, https:\/\/softpower.world\/wp-content\/uploads\/2023\/03\/soft_power_ueber3-200x300.jpg 200w, https:\/\/softpower.world\/wp-content\/uploads\/2023\/03\/soft_power_ueber3-8x12.jpg 8w\" data-src=\"https:\/\/softpower.world\/wp-content\/uploads\/2023\/03\/soft_power_ueber3.jpg\" loading=\"lazy\"><\/figure>\n<\/div><\/div>\n\n\n\n<div id=\"presse\" class=\"wp-block-group col-3 p-4 bg-white presse to-front shadow-lg\"><div class=\"wp-block-group__inner-container is-layout-constrained wp-block-group-is-layout-constrained\">\n<h2 class=\"wp-block-heading pb-2\">Press<\/h2>\n\n\n\n<p class=\"translation-block\">Lena Manger, <a href=\"https:\/\/www.collide24.org\/2021\/11\/18\/art\/the-collaborative-project-space-soft-power-encourages-constructive-oppositional-and-fluid-discourses-through-art\/\" target=\"_blank\" rel=\"noreferrer noopener\">The collaborative project space \u2018soft power\u2019 encourages constructive, oppositional, and fluid discourses through art<\/a>, C24, November 2021<\/p>\n\n\n\n<p><a href=\"https:\/\/cashmereradio.com\/episode\/plusx-plusx-with-lena-platonos-and-friends-hosted-by-soft-power\/\" target=\"_blank\" rel=\"noreferrer noopener\">PlusX with Lena Platonos &amp; friends hosted by soft power<\/a>, Cashmere Radio, September 2021<\/p>\n\n\n\n<p>Immo Schneider, <a href=\"https:\/\/ceecee.cc\/en\/so-very-soft-and-so-very-strong-softpower-art-space-empfohlen-von-immo-schneider\/\" target=\"_blank\" rel=\"noreferrer noopener\">Autonomous art comes to Tempelhof<\/a>, cee cee, October 2022<\/p>\n\n\n\n<p>Moses Hubbard, <a href=\"https:\/\/www.berlinartlink.com\/2022\/11\/15\/dont-panic-3hd-festival-at-soft-power\/\" target=\"_blank\" rel=\"noreferrer noopener\">\u2018Don\u2019t Panic:\u2019 3hd Festival at soft power<\/a>, Berlin Art Link, October 2022<\/p>\n\n\n\n<p>Alicja Schindler, <a href=\"https:\/\/www.berliner-zeitung.de\/kultur-vergnuegen\/kunst\/plural-perspectives-im-kunstverein-berlin-tempelhof-eine-neue-version-der-siegessaeule-li.358865\" target=\"_blank\" rel=\"noreferrer noopener\">\u201ePlural Perspectives\u201c in Tempelhof: Eine neue Version der Siegess\u00e4ule<\/a>, Berliner Zeitung, June 2023<\/p>\n\n\n\n<p><a href=\"https:\/\/www.kaltblut-magazine.com\/all-muses-are-dead-by-donna-volta-newmen\/\" target=\"_blank\" rel=\"noreferrer noopener\">All Muses are Dead by Donna Volta Newmen<\/a>, Kaltblut Magazine, July 2023<\/p>\n\n\n\n<p>Laura Helena Wurth,&nbsp;<a class href=\"https:\/\/www.deutschlandfunkkultur.de\/das-atelierhaus-teilestrasse-dlf-kultur-2a8b1bac-100.html\" target=\"_blank\" rel=\"noopener\">Das Atelierhaus Teilestrasse<\/a>, Deutschlandfunk Kultur, Dezember 2023&nbsp;<\/p>\n<\/div><\/div>\n\n\n\n<div id=\"presse-bild\" class=\"wp-block-group presse-bild to-front shadow-lg\"><div class=\"wp-block-group__inner-container is-layout-constrained wp-block-group-is-layout-constrained\">\n<figure class=\"wp-block-image size-large\"><noscript><img decoding=\"async\" width=\"681\" height=\"1024\" src=\"https:\/\/softpower.world\/wp-content\/uploads\/2023\/03\/soft_power_ueber2-681x1024.jpg\" alt class=\"wp-image-548\" title srcset=\"https:\/\/softpower.world\/wp-content\/uploads\/2023\/03\/soft_power_ueber2-681x1024.jpg 681w, https:\/\/softpower.world\/wp-content\/uploads\/2023\/03\/soft_power_ueber2-200x300.jpg 200w, https:\/\/softpower.world\/wp-content\/uploads\/2023\/03\/soft_power_ueber2-768x1154.jpg 768w, https:\/\/softpower.world\/wp-content\/uploads\/2023\/03\/soft_power_ueber2-8x12.jpg 8w, https:\/\/softpower.world\/wp-content\/uploads\/2023\/03\/soft_power_ueber2.jpg 1018w\" sizes=\"(max-width: 681px) 100vw, 681px\"><\/noscript><img decoding=\"async\" width=\"681\" height=\"1024\" src=\"data:image\/svg+xml,%3Csvg%20xmlns%3D%22http%3A%2F%2Fwww.w3.org%2F2000%2Fsvg%22%20viewBox%3D%220%200%20681%201024%22%3E%3C%2Fsvg%3E\" alt class=\"wp-image-548 lazyload\" title srcset=\"data:image\/svg+xml,%3Csvg%20xmlns%3D%22http%3A%2F%2Fwww.w3.org%2F2000%2Fsvg%22%20viewBox%3D%220%200%20681%201024%22%3E%3C%2Fsvg%3E 681w\" sizes=\"(max-width: 681px) 100vw, 681px\" data-srcset=\"https:\/\/softpower.world\/wp-content\/uploads\/2023\/03\/soft_power_ueber2-681x1024.jpg 681w, https:\/\/softpower.world\/wp-content\/uploads\/2023\/03\/soft_power_ueber2-200x300.jpg 200w, https:\/\/softpower.world\/wp-content\/uploads\/2023\/03\/soft_power_ueber2-768x1154.jpg 768w, https:\/\/softpower.world\/wp-content\/uploads\/2023\/03\/soft_power_ueber2-8x12.jpg 8w, https:\/\/softpower.world\/wp-content\/uploads\/2023\/03\/soft_power_ueber2.jpg 1018w\" data-src=\"https:\/\/softpower.world\/wp-content\/uploads\/2023\/03\/soft_power_ueber2-681x1024.jpg\" loading=\"lazy\"><\/figure>\n<\/div><\/div>\n\n\n\n<div id=\"raum\" class=\"wp-block-group col-4 p-4 bg-white raum to-front shadow-lg\"><div class=\"wp-block-group__inner-container is-layout-constrained wp-block-group-is-layout-constrained\">\n<h2 class=\"wp-block-heading pb-2\">Space and Accessibility<\/h2>\n\n\n\n<p>As of 1.3.2026 we have a new address:<\/p>\n\n\n\n<p><em>soft power<\/em><br>F\u00fcrbringerstr. 11&nbsp;<br>10961 Berlin<\/p>\n\n\n\n<p>We will update the information about our premises and the accessibility of our events here as soon as possible.<\/p>\n<\/div><\/div>\n\n\n\n<div id=\"foerderer\" class=\"wp-block-group col-3 p-4 bg-white foerderer to-front shadow-lg\"><div class=\"wp-block-group__inner-container is-layout-constrained wp-block-group-is-layout-constrained\">\n<h2 class=\"wp-block-heading pb-5\">Funding<\/h2>\n\n\n\n<figure class=\"wp-block-gallery has-nested-images columns-default is-cropped wp-block-gallery-1 is-layout-flex wp-block-gallery-is-layout-flex\">\n<figure class=\"wp-block-image size-large\"><noscript><img decoding=\"async\" width=\"385\" height=\"1024\" data-id=\"2563\" src=\"https:\/\/softpower.world\/wp-content\/uploads\/2025\/04\/2025_04_24_LOGOS_WEBSITE_SOFT-POWER-385x1024.png\" alt class=\"wp-image-2563\" title srcset=\"https:\/\/softpower.world\/wp-content\/uploads\/2025\/04\/2025_04_24_LOGOS_WEBSITE_SOFT-POWER-385x1024.png 385w, https:\/\/softpower.world\/wp-content\/uploads\/2025\/04\/2025_04_24_LOGOS_WEBSITE_SOFT-POWER-113x300.png 113w, https:\/\/softpower.world\/wp-content\/uploads\/2025\/04\/2025_04_24_LOGOS_WEBSITE_SOFT-POWER-768x2041.png 768w, https:\/\/softpower.world\/wp-content\/uploads\/2025\/04\/2025_04_24_LOGOS_WEBSITE_SOFT-POWER-578x1536.png 578w, https:\/\/softpower.world\/wp-content\/uploads\/2025\/04\/2025_04_24_LOGOS_WEBSITE_SOFT-POWER-771x2048.png 771w, https:\/\/softpower.world\/wp-content\/uploads\/2025\/04\/2025_04_24_LOGOS_WEBSITE_SOFT-POWER-5x12.png 5w, https:\/\/softpower.world\/wp-content\/uploads\/2025\/04\/2025_04_24_LOGOS_WEBSITE_SOFT-POWER-scaled.png 963w\" sizes=\"(max-width: 385px) 100vw, 385px\"><\/noscript><img decoding=\"async\" width=\"385\" height=\"1024\" data-id=\"2563\" src=\"data:image\/svg+xml,%3Csvg%20xmlns%3D%22http%3A%2F%2Fwww.w3.org%2F2000%2Fsvg%22%20viewBox%3D%220%200%20385%201024%22%3E%3C%2Fsvg%3E\" alt class=\"wp-image-2563 lazyload\" title srcset=\"data:image\/svg+xml,%3Csvg%20xmlns%3D%22http%3A%2F%2Fwww.w3.org%2F2000%2Fsvg%22%20viewBox%3D%220%200%20385%201024%22%3E%3C%2Fsvg%3E 385w\" sizes=\"(max-width: 385px) 100vw, 385px\" data-srcset=\"https:\/\/softpower.world\/wp-content\/uploads\/2025\/04\/2025_04_24_LOGOS_WEBSITE_SOFT-POWER-385x1024.png 385w, https:\/\/softpower.world\/wp-content\/uploads\/2025\/04\/2025_04_24_LOGOS_WEBSITE_SOFT-POWER-113x300.png 113w, https:\/\/softpower.world\/wp-content\/uploads\/2025\/04\/2025_04_24_LOGOS_WEBSITE_SOFT-POWER-768x2041.png 768w, https:\/\/softpower.world\/wp-content\/uploads\/2025\/04\/2025_04_24_LOGOS_WEBSITE_SOFT-POWER-578x1536.png 578w, https:\/\/softpower.world\/wp-content\/uploads\/2025\/04\/2025_04_24_LOGOS_WEBSITE_SOFT-POWER-771x2048.png 771w, https:\/\/softpower.world\/wp-content\/uploads\/2025\/04\/2025_04_24_LOGOS_WEBSITE_SOFT-POWER-5x12.png 5w, https:\/\/softpower.world\/wp-content\/uploads\/2025\/04\/2025_04_24_LOGOS_WEBSITE_SOFT-POWER-scaled.png 963w\" data-src=\"https:\/\/softpower.world\/wp-content\/uploads\/2025\/04\/2025_04_24_LOGOS_WEBSITE_SOFT-POWER-385x1024.png\" loading=\"lazy\"><\/figure>\n<\/figure>\n<\/div><\/div>\n\n\n\n<div id=\"kontakt\" class=\"wp-block-group col-3 p-4 bg-white kontakt to-front shadow-lg\"><div class=\"wp-block-group__inner-container is-layout-constrained wp-block-group-is-layout-constrained\">\n<h2 class=\"wp-block-heading pb-2\">Contact<\/h2>\n\n\n\n<p>soft power e.V.<br>F\u00fcrbringerstr. 11<br>10961 Berlin<\/p>\n\n\n\n<p><a rel=\"noreferrer noopener\" href=\"mailto:hello@softpower.world\" target=\"_blank\">hello@softpower.world<\/a> <br><a href=\"https:\/\/www.instagram.com\/softpowerverysoft\/?hl=en\" data-type=\"URL\" data-id=\"https:\/\/www.instagram.com\/softpowerverysoft\/?hl=en\" target=\"_blank\" rel=\"noreferrer noopener\">@softpowerverysoft<\/a><\/p>\n<\/div><\/div>\n\n\n\n<div class=\"wp-block-group information-footer has-background\" style=\"background-color:#ffffff00\"><div class=\"wp-block-group__inner-container is-layout-constrained wp-block-group-is-layout-constrained\">\n<footer class=\"wp-block-group alignfull footer\" style=\"padding-top:var(--wp--preset--spacing--50);padding-right:var(--wp--preset--spacing--40);padding-bottom:var(--wp--preset--spacing--50);padding-left:var(--wp--preset--spacing--40)\"><div class=\"wp-block-group__inner-container is-layout-constrained wp-container-core-group-is-layout-141b4844 wp-block-group-is-layout-constrained\">\n<div class=\"wp-block-group alignwide is-content-justification-center is-layout-flex wp-container-core-group-is-layout-5590e8cb wp-block-group-is-layout-flex\" id=\"footermenu\">\n<p class=\"px-2\">\u00a9 soft power<\/p>\n\n\n\n<div class=\"px-2\" onclick=\"pageDetails('832');\">Terms and Conditions<\/div>\n\n<div class=\"px-2\" onclick=\"pageDetails('834');\">Privacy Policy<\/div>\n\n<div class=\"px-2\" onclick=\"pageDetails('842');\">Imprint<\/div>\n\n<div class=\"px-2\" onclick=\"newsletterinitModal.toggle();\">Newsletter<\/div>\n\n<div class=\"px-2\"><a href=\"https:\/\/www.instagram.com\/softpowerverysoft\/\" target=\"_blank\" rel=\"noreferrer noopener\">Instagram<\/a><\/div>\n<\/div>\n<\/div><\/footer>\n<\/div><\/div>\n<\/div>","protected":false},"excerpt":{"rendered":"<p>\u00dcber soft power soft power ist ein Kunstverein und Ort f\u00fcr nicht-kommerzielle k\u00fcnstlerische Projekte. Konzeptuell eignet sich soft power einen politischen Begriff an, der den Einfluss von Kultur und Kunst (als sogenanntes \u201eweiches\u201c Kapital) auf Politik und Wirtschaft beschreibt und benutzt. Das laufende Programm ist geleitet von der Fragestellung, wie dieser Begriff produktiv unterwandert, herausgefordert<\/p>","protected":false},"author":1,"featured_media":0,"parent":0,"menu_order":0,"comment_status":"closed","ping_status":"closed","template":"page-templates\/about.php","meta":{"_acf_changed":false,"footnotes":""},"class_list":["post-156","page","type-page","status-publish","hentry"],"acf":[],"_links":{"self":[{"href":"https:\/\/softpower.world\/en\/wp-json\/wp\/v2\/pages\/156","targetHints":{"allow":["GET"]}}],"collection":[{"href":"https:\/\/softpower.world\/en\/wp-json\/wp\/v2\/pages"}],"about":[{"href":"https:\/\/softpower.world\/en\/wp-json\/wp\/v2\/types\/page"}],"author":[{"embeddable":true,"href":"https:\/\/softpower.world\/en\/wp-json\/wp\/v2\/users\/1"}],"replies":[{"embeddable":true,"href":"https:\/\/softpower.world\/en\/wp-json\/wp\/v2\/comments?post=156"}],"version-history":[{"count":50,"href":"https:\/\/softpower.world\/en\/wp-json\/wp\/v2\/pages\/156\/revisions"}],"predecessor-version":[{"id":2998,"href":"https:\/\/softpower.world\/en\/wp-json\/wp\/v2\/pages\/156\/revisions\/2998"}],"wp:attachment":[{"href":"https:\/\/softpower.world\/en\/wp-json\/wp\/v2\/media?parent=156"}],"curies":[{"name":"wp","href":"https:\/\/api.w.org\/{rel}","templated":true}]}}