{"id":1280,"date":"2023-04-22T21:50:17","date_gmt":"2023-04-22T21:50:17","guid":{"rendered":"https:\/\/softpower.world\/?page_id=1280"},"modified":"2023-05-05T18:31:31","modified_gmt":"2023-05-05T18:31:31","slug":"verguetung","status":"publish","type":"page","link":"https:\/\/softpower.world\/en\/info\/verguetung\/","title":{"rendered":"Remuneration"},"content":{"rendered":"<div id=\"modal-ready\">\n<h2 class=\"wp-block-heading pb-3\">Remuneration<\/h2>\n\n\n\n<p>One of the principles of our work is that we only realise projects that are secured by funding or other means in such a way that we can guarantee adequate payment for all project participants. Artists are always paid for their participation in exhibitions at <em>soft power<\/em> according to the minimum fees implemented by the bbk Berlin (Professional Association of Visual Artists). We also expect this principle to be observed by all collaboration partners who curate and present events or exhibitions at <em>soft power<\/em> as part of our programme.<br><br>The association soft power e.V. exclusively and directly pursues non-profit purposes in the sense of the section \"tax-privileged purposes\" of the tax code. All elected members of the association are volunteers, i.e. the board members are not remunerated for their work on the board. In the context of projects, the artistic directors of <em>soft power<\/em> are remunerated, as are all other project participants, for their respective role in the project (curator, project manager, graphic designer, editor, etc.). The funds of the association may only be used for the statutory purposes. Further information on the use of funds in accordance with the statutes can be found in the Membership section, where the association's statutes are also publicly available.<\/p>\n<\/div>","protected":false},"excerpt":{"rendered":"<p>Verg\u00fctung Ein Grundsatz unserer Arbeit ist, dass wir nur Projekte umsetzen, die durch eine F\u00f6rderung oder sonstige Mittel so abgesichert sind, dass wir eine angemessene Bezahlung aller Projektbeteiligten gew\u00e4hrleisten k\u00f6nnen. K\u00fcnstler*innen werden f\u00fcr ihre Beteiligung an Ausstellungen bei soft power grunds\u00e4tzlich nach den vom bbk Berlin durchgesetzten Mindesthonoraren bezahlt. Die Einhaltung dieses Prinzips erwarten wir<\/p>","protected":false},"author":1,"featured_media":0,"parent":156,"menu_order":0,"comment_status":"closed","ping_status":"closed","template":"","meta":{"_acf_changed":false,"footnotes":""},"class_list":["post-1280","page","type-page","status-publish","hentry"],"acf":[],"_links":{"self":[{"href":"https:\/\/softpower.world\/en\/wp-json\/wp\/v2\/pages\/1280","targetHints":{"allow":["GET"]}}],"collection":[{"href":"https:\/\/softpower.world\/en\/wp-json\/wp\/v2\/pages"}],"about":[{"href":"https:\/\/softpower.world\/en\/wp-json\/wp\/v2\/types\/page"}],"author":[{"embeddable":true,"href":"https:\/\/softpower.world\/en\/wp-json\/wp\/v2\/users\/1"}],"replies":[{"embeddable":true,"href":"https:\/\/softpower.world\/en\/wp-json\/wp\/v2\/comments?post=1280"}],"version-history":[{"count":3,"href":"https:\/\/softpower.world\/en\/wp-json\/wp\/v2\/pages\/1280\/revisions"}],"predecessor-version":[{"id":1623,"href":"https:\/\/softpower.world\/en\/wp-json\/wp\/v2\/pages\/1280\/revisions\/1623"}],"up":[{"embeddable":true,"href":"https:\/\/softpower.world\/en\/wp-json\/wp\/v2\/pages\/156"}],"wp:attachment":[{"href":"https:\/\/softpower.world\/en\/wp-json\/wp\/v2\/media?parent=1280"}],"curies":[{"name":"wp","href":"https:\/\/api.w.org\/{rel}","templated":true}]}}