{"id":842,"date":"2023-04-10T20:02:12","date_gmt":"2023-04-10T20:02:12","guid":{"rendered":"https:\/\/softpower.world\/?page_id=842"},"modified":"2026-02-27T12:51:42","modified_gmt":"2026-02-27T12:51:42","slug":"impressum","status":"publish","type":"page","link":"https:\/\/softpower.world\/de\/softpower\/impressum\/","title":{"rendered":"Impressum"},"content":{"rendered":"<div id=\"modal-ready\">\n<p>soft power e.V. <\/p>\n\n\n\n<p><strong>Vorstand <\/strong><br>Laura Bake<br>Linn\u00e9a Eleonora Bake<br>Lina Fryszer<br>Eva Charlotte Herrmann<\/p>\n\n\n\n<p><strong>K\u00fcnstlerische Leitung <\/strong><br>Linn\u00e9a Eleonora Bake <br>Eva Charlotte Herrmann <\/p>\n\n\n\n<p><strong>Postadresse <\/strong><br>soft power e.V.<br>F\u00fcrbringerstr. 11<br>10961 Berlin<\/p>\n\n\n\n<p><strong>Bankverbindung <\/strong><br>soft power e.V. <br>Bank: Triodos Bank Deutschland <br>IBAN: DE13500310001089829000 <br>BIC: TRODDEF1 <\/p>\n\n\n\n<p><strong>Webdevelopment und -design <\/strong><br>Studio ABO <\/p>\n\n\n\n<p><strong>Design <\/strong><br>Studio ABO<br>Melissa L\u00fccking<br>Schriftart <em>soft power NewEdge 666<\/em> von Charlotte Rohde<\/p>\n\n\n\n<p><strong>Code <\/strong><br>Studio ABO <\/p>\n\n\n\n<p><strong>Haftungshinweis <\/strong><br>Trotz sorgf\u00e4ltiger inhaltlicher Kontrolle \u00fcbernehmen wir keine Haftung f\u00fcr die Inhalte externer Links. F\u00fcr den Inhalt der verlinkten Seiten sind ausschlie\u00dflich deren Betreiber*innen verantwortlich. <\/p>\n\n\n\n<p>\u00a9 soft power, 2026.<\/p>\n<\/div>","protected":false},"excerpt":{"rendered":"<p>soft power e.V. Vorstand Laura BakeLinn\u00e9a Eleonora BakeLina FryszerEva Charlotte Herrmann K\u00fcnstlerische Leitung Linn\u00e9a Eleonora Bake Eva Charlotte Herrmann Postadresse soft power e.V.F\u00fcrbringerstr. 1110961 Berlin Bankverbindung soft power e.V. Bank: Triodos Bank Deutschland IBAN: DE13500310001089829000 BIC: TRODDEF1 Webdevelopment und -design Studio ABO Design Studio ABOMelissa L\u00fcckingSchriftart soft power NewEdge 666 von Charlotte Rohde Code Studio<\/p>\n","protected":false},"author":1,"featured_media":0,"parent":2,"menu_order":0,"comment_status":"closed","ping_status":"closed","template":"","meta":{"_acf_changed":false,"footnotes":""},"class_list":["post-842","page","type-page","status-publish","hentry"],"acf":[],"_links":{"self":[{"href":"https:\/\/softpower.world\/de\/wp-json\/wp\/v2\/pages\/842","targetHints":{"allow":["GET"]}}],"collection":[{"href":"https:\/\/softpower.world\/de\/wp-json\/wp\/v2\/pages"}],"about":[{"href":"https:\/\/softpower.world\/de\/wp-json\/wp\/v2\/types\/page"}],"author":[{"embeddable":true,"href":"https:\/\/softpower.world\/de\/wp-json\/wp\/v2\/users\/1"}],"replies":[{"embeddable":true,"href":"https:\/\/softpower.world\/de\/wp-json\/wp\/v2\/comments?post=842"}],"version-history":[{"count":8,"href":"https:\/\/softpower.world\/de\/wp-json\/wp\/v2\/pages\/842\/revisions"}],"predecessor-version":[{"id":3001,"href":"https:\/\/softpower.world\/de\/wp-json\/wp\/v2\/pages\/842\/revisions\/3001"}],"up":[{"embeddable":true,"href":"https:\/\/softpower.world\/de\/wp-json\/wp\/v2\/pages\/2"}],"wp:attachment":[{"href":"https:\/\/softpower.world\/de\/wp-json\/wp\/v2\/media?parent=842"}],"curies":[{"name":"wp","href":"https:\/\/api.w.org\/{rel}","templated":true}]}}