{"id":654,"date":"2023-03-31T22:44:40","date_gmt":"2023-03-31T22:44:40","guid":{"rendered":"https:\/\/softpower.world\/?page_id=654"},"modified":"2023-05-05T18:14:42","modified_gmt":"2023-05-05T18:14:42","slug":"eva-herrmann","status":"publish","type":"page","link":"https:\/\/softpower.world\/de\/info\/eva-herrmann\/","title":{"rendered":"Eva Herrmann"},"content":{"rendered":"<div id=\"modal-ready\">\n<h2 class=\"wp-block-heading pb-3\">Eva Herrmann<\/h2>\n\n\n\n<p>Eva Herrmann setzt sich in ihrer Arbeit mit der Frage auseinander, welche Rolle Kunst in gesellschaftlichen Transformationsprozessen spielt und welche Fusionen sie eingehen kann, um Denkanst\u00f6\u00dfe f\u00fcr die Zukunft anzuregen. Sie studierte im BA Integrated Design an der Technischen Hochschule K\u00f6ln und daraufhin im MA Zukunftsforschung mit Schwerpunkt Soziologie und Politik an der Freien Universit\u00e4t Berlin (wobei letzteres bis dato unabgeschlossen bleibt \u2013 es f\u00e4llt schwer, einen Schlussstrich unter die *Zukunft* zu setzen). Sie engagiert sich seit zehn Jahren in verschiedenen kuratorischen Projekten der Freien Szene in K\u00f6ln und Berlin und arbeitete zudem zuletzt in einer Galerie f\u00fcr zeitgen\u00f6ssische Kunst in Berlin sowie f\u00fcr die Plattform f\u00fcr junge zeitgen\u00f6ssische Kunst KubaParis. Neben ihrer Arbeit als Co-Leiterin von <em>soft power<\/em> ist sie derzeit als projektbezogene Assistentin der Berliner K\u00fcnstlerin Yalda Afsah sowie als Gesch\u00e4ftsleitung eines Restaurants in Berlin t\u00e4tig.<\/p>\n\n\n\n<p><a href=\"mailto:eva@softpower.world\" target=\"_blank\" rel=\"noreferrer noopener\">eva@softpower.world<\/a><\/p>\n<\/div>","protected":false},"excerpt":{"rendered":"<p>Eva Herrmann Eva Herrmann setzt sich in ihrer Arbeit mit der Frage auseinander, welche Rolle Kunst in gesellschaftlichen Transformationsprozessen spielt und welche Fusionen sie eingehen kann, um Denkanst\u00f6\u00dfe f\u00fcr die Zukunft anzuregen. Sie studierte im BA Integrated Design an der Technischen Hochschule K\u00f6ln und daraufhin im MA Zukunftsforschung mit Schwerpunkt Soziologie und Politik an der<\/p>\n","protected":false},"author":1,"featured_media":0,"parent":156,"menu_order":0,"comment_status":"closed","ping_status":"closed","template":"","meta":{"_acf_changed":false,"footnotes":""},"class_list":["post-654","page","type-page","status-publish","hentry"],"acf":[],"_links":{"self":[{"href":"https:\/\/softpower.world\/de\/wp-json\/wp\/v2\/pages\/654","targetHints":{"allow":["GET"]}}],"collection":[{"href":"https:\/\/softpower.world\/de\/wp-json\/wp\/v2\/pages"}],"about":[{"href":"https:\/\/softpower.world\/de\/wp-json\/wp\/v2\/types\/page"}],"author":[{"embeddable":true,"href":"https:\/\/softpower.world\/de\/wp-json\/wp\/v2\/users\/1"}],"replies":[{"embeddable":true,"href":"https:\/\/softpower.world\/de\/wp-json\/wp\/v2\/comments?post=654"}],"version-history":[{"count":6,"href":"https:\/\/softpower.world\/de\/wp-json\/wp\/v2\/pages\/654\/revisions"}],"predecessor-version":[{"id":1616,"href":"https:\/\/softpower.world\/de\/wp-json\/wp\/v2\/pages\/654\/revisions\/1616"}],"up":[{"embeddable":true,"href":"https:\/\/softpower.world\/de\/wp-json\/wp\/v2\/pages\/156"}],"wp:attachment":[{"href":"https:\/\/softpower.world\/de\/wp-json\/wp\/v2\/media?parent=654"}],"curies":[{"name":"wp","href":"https:\/\/api.w.org\/{rel}","templated":true}]}}