{"id":154,"date":"2023-02-22T22:45:56","date_gmt":"2023-02-22T22:45:56","guid":{"rendered":"https:\/\/softpower.world\/?page_id=154"},"modified":"2026-03-06T07:48:48","modified_gmt":"2026-03-06T07:48:48","slug":"mitgliedschaft","status":"publish","type":"page","link":"https:\/\/softpower.world\/de\/mitgliedschaft\/","title":{"rendered":"Mitgliedschaft"},"content":{"rendered":"<div id=\"modal-ready\">\n<div class=\"wp-block-group membership-form\"><div class=\"wp-block-group__inner-container is-layout-constrained wp-block-group-is-layout-constrained\">\n<div class=\"wp-block-columns p-4 mb-5 bg-white  shadow-lg is-layout-flex wp-container-core-columns-is-layout-9d6595d7 wp-block-columns-is-layout-flex\">\n<div class=\"wp-block-column is-layout-flow wp-block-column-is-layout-flow\">\n<h2 class=\"wp-block-heading pb-3\">Mitgliedschaft<\/h2>\n\n\n\n<p>Der gemeinn\u00fctzige Verein soft power e.V. wurde am 23.4.2021 gegr\u00fcndet. Seit unserer Gr\u00fcndung setzen wir uns fortlaufend mit Fragen der institutionellen Haltung, der kulturellen Programmgestaltung und der Art und Weise, wie wir miteinander und mit anderen zusammenarbeiten wollen, auseinander \u2013 dazu geh\u00f6rt auch die wachsende Gemeinschaft von Mitgliedern, die soft power e.V. beigetreten sind und uns so bei unserer kollektiven Arbeit unterst\u00fctzen und begleiten. <\/p>\n\n\n\n<p>F\u00f6rdermitglieder unterst\u00fctzen <em>soft power<\/em> mit einem j\u00e4hrlichen Mitgliedsbeitrag (50\u20ac\/100\u20ac). Sie erhalten regelm\u00e4\u00dfig Informationen \u00fcber unser Programm, bevorzugten Zugang zu Veranstaltungen mit begrenzter Kapazit\u00e4t, Editionen zu reduzierten Preisen sowie Austausch mit anderen bei Mitgliederveranstaltungen. Auch Institutionen k\u00f6nnen in Form einer institutionellen F\u00f6rdermitgliedschaft (500\u20ac j\u00e4hrlich) Teil von <em>soft power<\/em> werden.<\/p>\n\n\n\n<div class=\"wp-block-group d-none\"><div class=\"wp-block-group__inner-container is-layout-constrained wp-block-group-is-layout-constrained\">\n<p><span class=\"pointer text-decoration-underline\" onclick=\"pageDetails('1246')\">Als eingetragener<\/span> gemeinn\u00fctziger Verein verfolgt soft power e.V. ausschlie\u00dflich und unmittelbar gemeinn\u00fctzige Zwecke, die in unserer Vereinssatzung eingesehen werden k\u00f6nnen.<\/p>\n<\/div><\/div>\n\n\n\n<p class=\"modal-link\">Als eingetragener gemeinn\u00fctziger Verein verfolgt soft power e.V. ausschlie\u00dflich und unmittelbar gemeinn\u00fctzige Zwecke, die in unserer <a href=\"http:\/\/softpower.world\/mitgliedschaft\/vereinssatzung\/\" data-type=\"URL\" data-id=\"softpower.world\/mitgliedschaft\/vereinssatzung\/\">Vereinssatzung<\/a> eingesehen werden k\u00f6nnen.<\/p>\n\n\n\n<p class=\"mb-2\"><strong>Beitragszahlung<\/strong><\/p>\n\n\n\n<p>Beitr\u00e4ge werden f\u00fcr ein Kalenderjahr erhoben. Die vereinbarte Zuwendung ist hierbei j\u00e4hrlich bis zum 1. Januar zu entrichten (per Bank\u00fcberweisung oder \u00fcber SEPA-Lastschriftverfahren). Bei neuen Mitgliedern erfolgt die erste Zahlung jeweils bis zum letzten Tag des Folgemonats des Eintritts. Sofern nicht gek\u00fcndigt wurde, verl\u00e4ngert sich die F\u00f6rdermitgliedschaft automatisch mit Beginn eines neuen Kalenderjahres. Auf Nachfrage k\u00f6nnen wir j\u00e4hrliche Spendenbescheinigungen f\u00fcr Mitgliedsbeitr\u00e4ge oder einmalige Spendenzahlungen ausstellen. <\/p>\n\n\n\n<p>Mit der Auswahl des SEPA-Lastschriftverfahrens als Zahlungsoption wird der Verein soft power e.V. erm\u00e4chtigt, Zahlungen von dem angegebenen Konto mittels SEPA-Lastschrift einzuziehen. Mit der Unterschrift wird best\u00e4tigt, dass das eigene Kreditinstitut angewiesen wird, die von soft power e.V. auf das Konto gezogenen Lastschriften einzul\u00f6sen. Innerhalb von acht Wochen, beginnend mit dem Belastungsdatum, kann die Erstattung des belasteten Betrages verlangt werden, es gelten dabei die mit dem Kreditinstitut vereinbarten Bedingungen.<\/p>\n\n\n\n<p class=\"mb-2\"><strong>Verwendung der F\u00f6rderbeitr\u00e4ge<\/strong><\/p>\n\n\n\n<p>Der Verein ist selbstlos t\u00e4tig und verfolgt keine eigenwirtschaftliche Zwecke; alle Inhaber*innen von Vereins\u00e4mtern sind ehrenamtlich t\u00e4tig. Die F\u00f6rderbeitr\u00e4ge der Mitglieder werden f\u00fcr laufende Kosten des Vereins (wie z.B. Mietkosten f\u00fcr die R\u00e4umlichkeiten) und zum Teil als Projektmittel verwendet. Den Mitgliedern wird die Verwendung der F\u00f6rderbeitr\u00e4ge bei der j\u00e4hrlichen Mitgliederversammlung transparent dargestellt.<\/p>\n\n\n\n<p class=\"mb-2\"><strong>Ende der F\u00f6rdermitgliedschaft<\/strong><\/p>\n\n\n\n<p>Der Austritt aus dem Verein kann ohne Angaben von Gr\u00fcnden mit sofortiger Wirkung durch schriftliche Erkl\u00e4rung gegen\u00fcber dem Vereinsvorstand erfolgen.<\/p>\n<\/div>\n\n\n\n<div class=\"wp-block-column is-layout-flow wp-block-column-is-layout-flow\">\n<h2 class=\"wp-block-heading pb-3\">Beitrittsformular<\/h2>\n\n\n\n<p>Hiermit beantrage ich die F\u00f6rdermitgliedschaft (au\u00dferordentliches Mitglied) im Verein soft power e.V.<\/p>\n\n\n<script type=\"text\/javascript\">var gform;gform||(document.addEventListener(\"gform_main_scripts_loaded\",function(){gform.scriptsLoaded=!0}),window.addEventListener(\"DOMContentLoaded\",function(){gform.domLoaded=!0}),gform={domLoaded:!1,scriptsLoaded:!1,initializeOnLoaded:function(o){gform.domLoaded&&gform.scriptsLoaded?o():!gform.domLoaded&&gform.scriptsLoaded?window.addEventListener(\"DOMContentLoaded\",o):document.addEventListener(\"gform_main_scripts_loaded\",o)},hooks:{action:{},filter:{}},addAction:function(o,n,r,t){gform.addHook(\"action\",o,n,r,t)},addFilter:function(o,n,r,t){gform.addHook(\"filter\",o,n,r,t)},doAction:function(o){gform.doHook(\"action\",o,arguments)},applyFilters:function(o){return gform.doHook(\"filter\",o,arguments)},removeAction:function(o,n){gform.removeHook(\"action\",o,n)},removeFilter:function(o,n,r){gform.removeHook(\"filter\",o,n,r)},addHook:function(o,n,r,t,i){null==gform.hooks[o][n]&&(gform.hooks[o][n]=[]);var e=gform.hooks[o][n];null==i&&(i=n+\"_\"+e.length),gform.hooks[o][n].push({tag:i,callable:r,priority:t=null==t?10:t})},doHook:function(n,o,r){var t;if(r=Array.prototype.slice.call(r,1),null!=gform.hooks[n][o]&&((o=gform.hooks[n][o]).sort(function(o,n){return o.priority-n.priority}),o.forEach(function(o){\"function\"!=typeof(t=o.callable)&&(t=window[t]),\"action\"==n?t.apply(null,r):r[0]=t.apply(null,r)})),\"filter\"==n)return r[0]},removeHook:function(o,n,t,i){var r;null!=gform.hooks[o][n]&&(r=(r=gform.hooks[o][n]).filter(function(o,n,r){return!!(null!=i&&i!=o.tag||null!=t&&t!=o.priority)}),gform.hooks[o][n]=r)}});<\/script>\n                <div class='gf_browser_gecko gform_wrapper gravity-theme gform-theme--no-framework' data-form-theme='gravity-theme' data-form-index='0' id='gform_wrapper_1' style='display:none'><form method='post' enctype='multipart\/form-data'  id='gform_1'  action='\/de\/wp-json\/wp\/v2\/pages\/154' data-formid='1' >\n                        <div class='gform-body gform_body'><div id='gform_fields_1' class='gform_fields top_label form_sublabel_above description_above'><div id=\"field_1_6\"  class=\"gfield gfield--type-text gfield--width-full gfield_contains_required field_sublabel_above gfield--no-description field_description_below gfield_visibility_visible\"  data-js-reload=\"field_1_6\"><label class='gfield_label gform-field-label' for='input_1_6' >Vorname Nachname<span class=\"gfield_required\"><span class=\"gfield_required gfield_required_text\">(Required)<\/span><\/span><\/label><div class='ginput_container ginput_container_text'><input name='input_6' id='input_1_6' type='text' value='' class='large'     aria-required=\"true\" aria-invalid=\"false\"   \/> <\/div><\/div><div id=\"field_1_5\"  class=\"gfield gfield--type-text gfield--width-full gfield_contains_required field_sublabel_above gfield--no-description field_description_above gfield_visibility_visible\"  data-js-reload=\"field_1_5\"><label class='gfield_label gform-field-label' for='input_1_5' >Anschrift<span class=\"gfield_required\"><span class=\"gfield_required gfield_required_text\">(Required)<\/span><\/span><\/label><div class='ginput_container ginput_container_text'><input name='input_5' id='input_1_5' type='text' value='' class='large'     aria-required=\"true\" aria-invalid=\"false\"   \/> <\/div><\/div><div id=\"field_1_16\"  class=\"gfield gfield--type-date gfield--input-type-datepicker gfield--datepicker-no-icon gfield--width-full gfield_contains_required field_sublabel_above gfield--no-description field_description_above gfield_visibility_visible\"  data-js-reload=\"field_1_16\"><label class='gfield_label gform-field-label' for='input_1_16' >Geburtsdatum<span class=\"gfield_required\"><span class=\"gfield_required gfield_required_text\">(Required)<\/span><\/span><\/label><div class='ginput_container ginput_container_date'>\n                            <input name='input_16' id='input_1_16' type='text' value='' class='datepicker gform-datepicker dmy datepicker_no_icon gdatepicker-no-icon'   placeholder='dd\/mm\/yyyy' aria-describedby=\"input_1_16_date_format\" aria-invalid=\"false\" aria-required=\"true\"\/>\n                            <span id='input_1_16_date_format' class='screen-reader-text'>DD slash MM slash YYYY<\/span>\n                        <\/div>\n                        <input type='hidden' id='gforms_calendar_icon_input_1_16' class='gform_hidden' value='https:\/\/softpower.world\/wp-content\/plugins\/gravityforms\/images\/datepicker\/datepicker.svg'\/><\/div><div id=\"field_1_8\"  class=\"gfield gfield--type-phone gfield--width-full gfield_contains_required field_sublabel_above gfield--no-description field_description_above gfield_visibility_visible\"  data-js-reload=\"field_1_8\"><label class='gfield_label gform-field-label' for='input_1_8' >Telefon<span class=\"gfield_required\"><span class=\"gfield_required gfield_required_text\">(Required)<\/span><\/span><\/label><div class='ginput_container ginput_container_phone'><input name='input_8' id='input_1_8' type='text' value='' class='large'   aria-required=\"true\" aria-invalid=\"false\"   \/><\/div><\/div><div id=\"field_1_2\"  class=\"gfield gfield--type-email gfield_contains_required field_sublabel_above gfield--no-description field_description_above gfield_visibility_visible\"  data-js-reload=\"field_1_2\"><label class='gfield_label gform-field-label' for='input_1_2' >E-Mail<span class=\"gfield_required\"><span class=\"gfield_required gfield_required_text\">(Required)<\/span><\/span><\/label><div class='ginput_container ginput_container_email'>\n                            <input name='input_2' id='input_1_2' type='text' value='' class='large'    aria-required=\"true\" aria-invalid=\"false\"  \/>\n                        <\/div><\/div><fieldset id=\"field_1_10\"  class=\"gfield gfield--type-radio gfield--type-choice gfield--width-full gfield_contains_required field_sublabel_above gfield--no-description field_description_above gfield_visibility_visible\"  data-js-reload=\"field_1_10\"><legend class='gfield_label gform-field-label'  >Mitgliedsbeitrag<span class=\"gfield_required\"><span class=\"gfield_required gfield_required_text\">(Required)<\/span><\/span><\/legend><div class='ginput_container ginput_container_radio'><div class='gfield_radio' id='input_1_10'>\n\t\t\t<div class='gchoice gchoice_1_10_0'>\n\t\t\t\t\t<input class='gfield-choice-input' name='input_10' type='radio' value='Ich zahle gerne den Mindestbetrag von 50\u20ac pro Jahr.'  id='choice_1_10_0' onchange='gformToggleRadioOther( this )'    \/>\n\t\t\t\t\t<label for='choice_1_10_0' id='label_1_10_0' class='gform-field-label gform-field-label--type-inline'>Ich zahle gerne den Mindestbetrag von 50\u20ac pro Jahr.<\/label>\n\t\t\t<\/div>\n\t\t\t<div class='gchoice gchoice_1_10_1'>\n\t\t\t\t\t<input class='gfield-choice-input' name='input_10' type='radio' value='Ich zahle gerne den Mindestbetrag von 100\u20ac pro Jahr.'  id='choice_1_10_1' onchange='gformToggleRadioOther( this )'    \/>\n\t\t\t\t\t<label for='choice_1_10_1' id='label_1_10_1' class='gform-field-label gform-field-label--type-inline'>Ich zahle gerne den Mindestbetrag von 100\u20ac pro Jahr.<\/label>\n\t\t\t<\/div>\n\t\t\t<div class='gchoice gchoice_1_10_2'>\n\t\t\t\t\t<input class='gfield-choice-input' name='input_10' type='radio' value='Ich zahle gerne den Betrag einer institutionellen F\u00f6rdermitgliedschaft von 500\u20ac pro Jahr'  id='choice_1_10_2' onchange='gformToggleRadioOther( this )'    \/>\n\t\t\t\t\t<label for='choice_1_10_2' id='label_1_10_2' class='gform-field-label gform-field-label--type-inline'>Ich zahle gerne den Betrag einer institutionellen F\u00f6rdermitgliedschaft von 500\u20ac pro Jahr<\/label>\n\t\t\t<\/div><\/div><\/div><\/fieldset><fieldset id=\"field_1_17\"  class=\"gfield gfield--type-radio gfield--type-choice gfield--width-full gfield_contains_required field_sublabel_above gfield--no-description field_description_above gfield_visibility_visible\"  data-js-reload=\"field_1_17\"><legend class='gfield_label gform-field-label'  >Zahlungsweise<span class=\"gfield_required\"><span class=\"gfield_required gfield_required_text\">(Required)<\/span><\/span><\/legend><div class='ginput_container ginput_container_radio'><div class='gfield_radio' id='input_1_17'>\n\t\t\t<div class='gchoice gchoice_1_17_0'>\n\t\t\t\t\t<input class='gfield-choice-input' name='input_17' type='radio' value='Per \u00dcberweisung an'  id='choice_1_17_0' onchange='gformToggleRadioOther( this )'    \/>\n\t\t\t\t\t<label for='choice_1_17_0' id='label_1_17_0' class='gform-field-label gform-field-label--type-inline'>Per \u00dcberweisung an<\/label>\n\t\t\t<\/div>\n\t\t\t<div class='gchoice gchoice_1_17_1'>\n\t\t\t\t\t<input class='gfield-choice-input' name='input_17' type='radio' value='Per SEPA-Einzugsverfahren'  id='choice_1_17_1' onchange='gformToggleRadioOther( this )'    \/>\n\t\t\t\t\t<label for='choice_1_17_1' id='label_1_17_1' class='gform-field-label gform-field-label--type-inline'>Per SEPA-Einzugsverfahren<\/label>\n\t\t\t<\/div><\/div><\/div><\/fieldset><div id=\"field_1_18\"  class=\"gfield gfield--type-html gfield--width-full gfield_html gfield_html_formatted gfield_no_follows_desc field_sublabel_above gfield--no-description field_description_above gfield_visibility_visible\"  data-js-reload=\"field_1_18\">Kontoinhaberin:\u2028soft power e.V.<br>\n\nBank:\u2028 Triodos Bank Deutschland<br>\nIBAN:\u2028 DE13500310001089829000<br>\nBIC: \u2028TRODDEF1\n<\/div><div id=\"field_1_21\"  class=\"gfield gfield--type-text gfield--width-full disabled-input field_sublabel_above gfield--no-description field_description_above gfield_visibility_visible\"  data-js-reload=\"field_1_21\"><label class='gfield_label gform-field-label' for='input_1_21' >Mandatsreferenz<\/label><div class='ginput_container ginput_container_text'><input name='input_21' id='input_1_21' type='text' value='wird von soft power e.V. vergeben' class='large'    placeholder='wird von soft power e.V. vergeben'  aria-invalid=\"false\"   \/> <\/div><\/div><div id=\"field_1_22\"  class=\"gfield gfield--type-text gfield--width-full gfield_contains_required field_sublabel_above gfield--no-description field_description_above gfield_visibility_visible\"  data-js-reload=\"field_1_22\"><label class='gfield_label gform-field-label' for='input_1_22' >Kreditinstitut<span class=\"gfield_required\"><span class=\"gfield_required gfield_required_text\">(Required)<\/span><\/span><\/label><div class='ginput_container ginput_container_text'><input name='input_22' id='input_1_22' type='text' value='' class='large'     aria-required=\"true\" aria-invalid=\"false\"   \/> <\/div><\/div><div id=\"field_1_23\"  class=\"gfield gfield--type-text gfield--width-full gfield_contains_required field_sublabel_above gfield--no-description field_description_above gfield_visibility_visible\"  data-js-reload=\"field_1_23\"><label class='gfield_label gform-field-label' for='input_1_23' >IBAN<span class=\"gfield_required\"><span class=\"gfield_required gfield_required_text\">(Required)<\/span><\/span><\/label><div class='ginput_container ginput_container_text'><input name='input_23' id='input_1_23' type='text' value='' class='large'     aria-required=\"true\" aria-invalid=\"false\"   \/> <\/div><\/div><div id=\"field_1_14\"  class=\"gfield gfield--type-text gfield--width-full gfield_contains_required field_sublabel_above gfield--no-description field_description_above gfield_visibility_visible\"  data-js-reload=\"field_1_14\"><label class='gfield_label gform-field-label' for='input_1_14' >Ort, Datum<span class=\"gfield_required\"><span class=\"gfield_required gfield_required_text\">(Required)<\/span><\/span><\/label><div class='ginput_container ginput_container_text'><input name='input_14' id='input_1_14' type='text' value='' class='large'     aria-required=\"true\" aria-invalid=\"false\"   \/> <\/div><\/div><div id=\"field_1_13\"  class=\"gfield gfield--type-section gsection field_sublabel_above gfield--has-description field_description_above gfield_visibility_visible\"  data-js-reload=\"field_1_13\"><h3 class=\"gsection_title\"><\/h3><div class='gsection_description' id='gfield_description_1_13'>Hiermit erkl\u00e4re ich die Richtigkeit meiner Angaben. Mit der Speicherung f\u00fcr satzungsgem\u00e4\u00dfe Zwecke (vereinsinterne Speicherung, es werden keine Daten an Dritte weitergegeben) erkl\u00e4re ich mich einverstanden. <\/div><\/div><\/div><\/div>\n        <div class='gform_footer top_label'> <input type='submit' id='gform_submit_button_1' class='gform_button button' value='Absenden'  onclick='if(window[\"gf_submitting_1\"]){return false;}  window[\"gf_submitting_1\"]=true;  ' onkeypress='if( event.keyCode == 13 ){ if(window[\"gf_submitting_1\"]){return false;} window[\"gf_submitting_1\"]=true;  jQuery(\"#gform_1\").trigger(\"submit\",[true]); }' \/> \n            <input type='hidden' class='gform_hidden' name='is_submit_1' value='1' \/>\n            <input type='hidden' class='gform_hidden' name='gform_submit' value='1' \/>\n            \n            <input type='hidden' class='gform_hidden' name='gform_unique_id' value='' \/>\n            <input type='hidden' class='gform_hidden' name='state_1' value='WyJ7XCIxMFwiOltcIjRkMTk3N2I1ZThiYjA5OTZmYzc0OGU4NTk3M2IxMGY5XCIsXCIyZjc5NDQxOTIwNDNiYzFlMmFiNmVjNjMwZTI3NWFlZlwiLFwiMTY4ZWRiZTNhMzkwNDk0Nzc4YWE3MmViZWQ2MjczNWNcIl0sXCIxN1wiOltcImNkZWNiMDMyZTE2M2QwYjVmYjZmMzhjMTQ4YzYzMzIwXCIsXCI0Mjc1ZWMxMjY1MGI4NzAwMjg2MTUwZDRiYjQxZDBlY1wiXX0iLCIxOWE3Mjg1ZGIzNTBkMzQwMjZiMTM1N2MyOGYxNTIzZSJd' \/>\n            <input type='hidden' class='gform_hidden' name='gform_target_page_number_1' id='gform_target_page_number_1' value='0' \/>\n            <input type='hidden' class='gform_hidden' name='gform_source_page_number_1' id='gform_source_page_number_1' value='1' \/>\n            <input type='hidden' name='gform_field_values' value='' \/>\n            \n        <\/div>\n                        <\/form>\n                        <\/div><script>\ngform.initializeOnLoaded( function() {gformInitSpinner( 1, 'https:\/\/softpower.world\/wp-content\/plugins\/gravityforms\/images\/spinner.svg', true );jQuery('#gform_ajax_frame_1').on('load',function(){var contents = jQuery(this).contents().find('*').html();var is_postback = contents.indexOf('GF_AJAX_POSTBACK') >= 0;if(!is_postback){return;}var form_content = jQuery(this).contents().find('#gform_wrapper_1');var is_confirmation = jQuery(this).contents().find('#gform_confirmation_wrapper_1').length > 0;var is_redirect = contents.indexOf('gformRedirect(){') >= 0;var is_form = form_content.length > 0 && ! is_redirect && ! is_confirmation;var mt = parseInt(jQuery('html').css('margin-top'), 10) + parseInt(jQuery('body').css('margin-top'), 10) + 100;if(is_form){jQuery('#gform_wrapper_1').html(form_content.html());if(form_content.hasClass('gform_validation_error')){jQuery('#gform_wrapper_1').addClass('gform_validation_error');} else {jQuery('#gform_wrapper_1').removeClass('gform_validation_error');}setTimeout( function() { \/* delay the scroll by 50 milliseconds to fix a bug in chrome *\/  }, 50 );if(window['gformInitDatepicker']) {gformInitDatepicker();}if(window['gformInitPriceFields']) {gformInitPriceFields();}var current_page = jQuery('#gform_source_page_number_1').val();gformInitSpinner( 1, 'https:\/\/softpower.world\/wp-content\/plugins\/gravityforms\/images\/spinner.svg', true );jQuery(document).trigger('gform_page_loaded', [1, current_page]);window['gf_submitting_1'] = false;}else if(!is_redirect){var confirmation_content = jQuery(this).contents().find('.GF_AJAX_POSTBACK').html();if(!confirmation_content){confirmation_content = contents;}setTimeout(function(){jQuery('#gform_wrapper_1').replaceWith(confirmation_content);jQuery(document).trigger('gform_confirmation_loaded', [1]);window['gf_submitting_1'] = false;wp.a11y.speak(jQuery('#gform_confirmation_message_1').text());}, 50);}else{jQuery('#gform_1').append(contents);if(window['gformRedirect']) {gformRedirect();}}jQuery(document).trigger('gform_post_render', [1, current_page]);} );} );\n<\/script>\n<\/div>\n<\/div>\n\n\n\n<footer class=\"wp-block-group alignfull footer\" style=\"padding-top:var(--wp--preset--spacing--50);padding-right:var(--wp--preset--spacing--40);padding-bottom:var(--wp--preset--spacing--50);padding-left:var(--wp--preset--spacing--40)\"><div class=\"wp-block-group__inner-container is-layout-constrained wp-container-core-group-is-layout-141b4844 wp-block-group-is-layout-constrained\">\n<div class=\"wp-block-group alignwide is-content-justification-center is-layout-flex wp-container-core-group-is-layout-5590e8cb wp-block-group-is-layout-flex\" id=\"footermenu\">\n<p class=\"px-2\">\u00a9 soft power<\/p>\n\n\n\n<div class=\"px-2\" onclick=\"pageDetails('832');\">AGB<\/div>\n\n<div class=\"px-2\"onclick=\"pageDetails('834');\">Datenschutz<\/div>\n\n<div class=\"px-2\"onclick=\"pageDetails('842');\">Impressum<\/div>\n\n<div class=\"px-2\" onclick=\"newsletterinitModal.toggle();\" >Newsletter<\/div>\n\n<div class=\"px-2\"><a href=\"https:\/\/www.instagram.com\/softpowerverysoft\/\" target=\"_blank\" rel=\"noreferrer noopener\">Instagram<\/a><\/div>\n<\/div>\n<\/div><\/footer>\n<\/div><\/div>\n<\/div>","protected":false},"excerpt":{"rendered":"<p>Mitgliedschaft Der gemeinn\u00fctzige Verein soft power e.V. wurde am 23.4.2021 gegr\u00fcndet. Seit unserer Gr\u00fcndung setzen wir uns fortlaufend mit Fragen der institutionellen Haltung, der kulturellen Programmgestaltung und der Art und Weise, wie wir miteinander und mit anderen zusammenarbeiten wollen, auseinander \u2013 dazu geh\u00f6rt auch die wachsende Gemeinschaft von Mitgliedern, die soft power e.V. beigetreten sind<\/p>\n","protected":false},"author":1,"featured_media":0,"parent":0,"menu_order":0,"comment_status":"closed","ping_status":"closed","template":"page-templates\/membership.php","meta":{"_acf_changed":false,"footnotes":""},"class_list":["post-154","page","type-page","status-publish","hentry"],"acf":[],"_links":{"self":[{"href":"https:\/\/softpower.world\/de\/wp-json\/wp\/v2\/pages\/154","targetHints":{"allow":["GET"]}}],"collection":[{"href":"https:\/\/softpower.world\/de\/wp-json\/wp\/v2\/pages"}],"about":[{"href":"https:\/\/softpower.world\/de\/wp-json\/wp\/v2\/types\/page"}],"author":[{"embeddable":true,"href":"https:\/\/softpower.world\/de\/wp-json\/wp\/v2\/users\/1"}],"replies":[{"embeddable":true,"href":"https:\/\/softpower.world\/de\/wp-json\/wp\/v2\/comments?post=154"}],"version-history":[{"count":31,"href":"https:\/\/softpower.world\/de\/wp-json\/wp\/v2\/pages\/154\/revisions"}],"predecessor-version":[{"id":3047,"href":"https:\/\/softpower.world\/de\/wp-json\/wp\/v2\/pages\/154\/revisions\/3047"}],"wp:attachment":[{"href":"https:\/\/softpower.world\/de\/wp-json\/wp\/v2\/media?parent=154"}],"curies":[{"name":"wp","href":"https:\/\/api.w.org\/{rel}","templated":true}]}}