{"id":1282,"date":"2023-04-22T21:50:40","date_gmt":"2023-04-22T21:50:40","guid":{"rendered":"https:\/\/softpower.world\/?page_id=1282"},"modified":"2023-05-05T18:21:43","modified_gmt":"2023-05-05T18:21:43","slug":"gegen-jegliche-form-der-diskriminierung","status":"publish","type":"page","link":"https:\/\/softpower.world\/de\/info\/gegen-jegliche-form-der-diskriminierung\/","title":{"rendered":"gegen jegliche Form der Diskriminierung"},"content":{"rendered":"<div id=\"modal-ready\">\n<h2 class=\"wp-block-heading pb-3\">Anti-Diskriminierung<\/h2>\n\n\n\n<p>Diskriminierung ist die Benachteiligung von Menschen aufgrund eines sch\u00fctzenswerten Merkmals, wie beispielsweise des Geschlechts, der et\u200bhnischen Herkunft, des Alters, einer Behinderung, der sexuellen Identit\u00e4t oder der Religion. Entscheidend f\u00fcr eine Benachteiligung ist das Ergebnis, nicht jedoch das Motiv. <em>soft power<\/em> toleriert keine Form von Diskriminierung, Bevorzugung, verletzender Sprache, Missbrauch, Ausgrenzung und beleidigendem Verhalten aufgrund von Geschlecht, Ethnie, Religion, Herkunft, Hautfarbe, religi\u00f6ser \u00dcberzeugung, Sexualit\u00e4t, Geschlechtsidentit\u00e4t, sozio\u00f6konomischer Klasse, Kaste, Behinderung oder Alter. Wir akzeptieren keinen Sexismus, Rassismus, Colourism, Homo-, Bi-, Inter- und Transphobie bzw. -feindlichkeit, Antisemitismus, Islamophobie, Faschismus, Altersdiskriminierung, Ableismus und andere und\/oder intersektionale Formen von Diskriminierung. <br><br>Bei unseren Veranstaltungen dulden wir des Weiteren keine Gewaltt\u00e4tigkeiten, Misshandlungen oder Bel\u00e4stigungen verbaler, k\u00f6rperlicher, sexueller oder sonstiger Art gegen\u00fcber unseren Besucher*innen, G\u00e4sten, Projektbeteiligten und unserem Team. Bei Verletzung dieses Verhaltenskodex behalten wir uns das Recht vor, Personen den Zugang zu unseren R\u00e4umlichkeiten zu entziehen oder zu verwehren. Wir ermutigen alle Besucher*innen, G\u00e4ste und Projektbeteiligte, Vorf\u00e4lle direkt vor Ort oder auch schriftlich und\/oder anonymisiert an die Leitung von <em>soft power<\/em> zu melden.<\/p>\n<\/div>","protected":false},"excerpt":{"rendered":"<p>Anti-Diskriminierung Diskriminierung ist die Benachteiligung von Menschen aufgrund eines sch\u00fctzenswerten Merkmals, wie beispielsweise des Geschlechts, der et\u200bhnischen Herkunft, des Alters, einer Behinderung, der sexuellen Identit\u00e4t oder der Religion. Entscheidend f\u00fcr eine Benachteiligung ist das Ergebnis, nicht jedoch das Motiv. soft power toleriert keine Form von Diskriminierung, Bevorzugung, verletzender Sprache, Missbrauch, Ausgrenzung und beleidigendem Verhalten aufgrund<\/p>\n","protected":false},"author":1,"featured_media":0,"parent":156,"menu_order":0,"comment_status":"closed","ping_status":"closed","template":"","meta":{"_acf_changed":false,"footnotes":""},"class_list":["post-1282","page","type-page","status-publish","hentry"],"acf":[],"_links":{"self":[{"href":"https:\/\/softpower.world\/de\/wp-json\/wp\/v2\/pages\/1282","targetHints":{"allow":["GET"]}}],"collection":[{"href":"https:\/\/softpower.world\/de\/wp-json\/wp\/v2\/pages"}],"about":[{"href":"https:\/\/softpower.world\/de\/wp-json\/wp\/v2\/types\/page"}],"author":[{"embeddable":true,"href":"https:\/\/softpower.world\/de\/wp-json\/wp\/v2\/users\/1"}],"replies":[{"embeddable":true,"href":"https:\/\/softpower.world\/de\/wp-json\/wp\/v2\/comments?post=1282"}],"version-history":[{"count":4,"href":"https:\/\/softpower.world\/de\/wp-json\/wp\/v2\/pages\/1282\/revisions"}],"predecessor-version":[{"id":1618,"href":"https:\/\/softpower.world\/de\/wp-json\/wp\/v2\/pages\/1282\/revisions\/1618"}],"up":[{"embeddable":true,"href":"https:\/\/softpower.world\/de\/wp-json\/wp\/v2\/pages\/156"}],"wp:attachment":[{"href":"https:\/\/softpower.world\/de\/wp-json\/wp\/v2\/media?parent=1282"}],"curies":[{"name":"wp","href":"https:\/\/api.w.org\/{rel}","templated":true}]}}