{"id":1280,"date":"2023-04-22T21:50:17","date_gmt":"2023-04-22T21:50:17","guid":{"rendered":"https:\/\/softpower.world\/?page_id=1280"},"modified":"2023-05-05T18:31:31","modified_gmt":"2023-05-05T18:31:31","slug":"verguetung","status":"publish","type":"page","link":"https:\/\/softpower.world\/de\/info\/verguetung\/","title":{"rendered":"Verg\u00fctung"},"content":{"rendered":"<div id=\"modal-ready\">\n<h2 class=\"wp-block-heading pb-3\">Verg\u00fctung<\/h2>\n\n\n\n<p>Ein Grundsatz unserer Arbeit ist, dass wir nur Projekte umsetzen, die durch eine F\u00f6rderung oder sonstige Mittel so abgesichert sind, dass wir eine angemessene Bezahlung aller Projektbeteiligten gew\u00e4hrleisten k\u00f6nnen. K\u00fcnstler*innen werden f\u00fcr ihre Beteiligung an Ausstellungen bei <em>soft power<\/em> grunds\u00e4tzlich nach den vom bbk Berlin durchgesetzten Mindesthonoraren bezahlt. Die Einhaltung dieses Prinzips erwarten wir auch von allen Kollaborationspartner*innen, die im Rahmen unseres Programms Veranstaltungen oder Ausstellungen bei <em>soft power<\/em> kuratieren und pr\u00e4sentieren.<br><br>Der Verein soft power e.V. verfolgt ausschlie\u00dflich und unmittelbar gemeinn\u00fctzige Zwecke im Sinne des Abschnitts \u201esteuerbeg\u00fcnstigte Zwecke\u201c der Abgabenordnung. Alle gew\u00e4hlten Inhaber*innen von Vereins\u00e4mtern sind ehrenamtlich t\u00e4tig, d.h. die Vorstandsmitglieder werden nicht f\u00fcr ihre T\u00e4tigkeit im Vereinsvorstand verg\u00fctet. Im Rahmen von Projekten wird die k\u00fcnstlerische Leitung von <em>soft power<\/em> wie alle anderen Projektbeteiligten auch individuell f\u00fcr ihre jeweilige Projektrolle (Kurator*in, Projektmanager*in, Grafiker*in, Lektor*in etc.) auf Honorarbasis verg\u00fctet. Mittel des Vereins d\u00fcrfen nur f\u00fcr die satzungsm\u00e4\u00dfigen Zwecke verwendet werden. Weitere Informationen zur satzungsgem\u00e4\u00dfen Mittelverwendung k\u00f6nnen unter Mitgliedschaft eingesehen werden, wo auch die Vereinssatzung \u00f6ffentlich zug\u00e4nglich ist.<\/p>\n<\/div>","protected":false},"excerpt":{"rendered":"<p>Verg\u00fctung Ein Grundsatz unserer Arbeit ist, dass wir nur Projekte umsetzen, die durch eine F\u00f6rderung oder sonstige Mittel so abgesichert sind, dass wir eine angemessene Bezahlung aller Projektbeteiligten gew\u00e4hrleisten k\u00f6nnen. K\u00fcnstler*innen werden f\u00fcr ihre Beteiligung an Ausstellungen bei soft power grunds\u00e4tzlich nach den vom bbk Berlin durchgesetzten Mindesthonoraren bezahlt. Die Einhaltung dieses Prinzips erwarten wir<\/p>\n","protected":false},"author":1,"featured_media":0,"parent":156,"menu_order":0,"comment_status":"closed","ping_status":"closed","template":"","meta":{"_acf_changed":false,"footnotes":""},"class_list":["post-1280","page","type-page","status-publish","hentry"],"acf":[],"_links":{"self":[{"href":"https:\/\/softpower.world\/de\/wp-json\/wp\/v2\/pages\/1280","targetHints":{"allow":["GET"]}}],"collection":[{"href":"https:\/\/softpower.world\/de\/wp-json\/wp\/v2\/pages"}],"about":[{"href":"https:\/\/softpower.world\/de\/wp-json\/wp\/v2\/types\/page"}],"author":[{"embeddable":true,"href":"https:\/\/softpower.world\/de\/wp-json\/wp\/v2\/users\/1"}],"replies":[{"embeddable":true,"href":"https:\/\/softpower.world\/de\/wp-json\/wp\/v2\/comments?post=1280"}],"version-history":[{"count":3,"href":"https:\/\/softpower.world\/de\/wp-json\/wp\/v2\/pages\/1280\/revisions"}],"predecessor-version":[{"id":1623,"href":"https:\/\/softpower.world\/de\/wp-json\/wp\/v2\/pages\/1280\/revisions\/1623"}],"up":[{"embeddable":true,"href":"https:\/\/softpower.world\/de\/wp-json\/wp\/v2\/pages\/156"}],"wp:attachment":[{"href":"https:\/\/softpower.world\/de\/wp-json\/wp\/v2\/media?parent=1280"}],"curies":[{"name":"wp","href":"https:\/\/api.w.org\/{rel}","templated":true}]}}