{"id":1276,"date":"2023-04-22T21:49:26","date_gmt":"2023-04-22T21:49:26","guid":{"rendered":"https:\/\/softpower.world\/?page_id=1276"},"modified":"2023-05-05T18:25:40","modified_gmt":"2023-05-05T18:25:40","slug":"nicht-kommerzieller-und-unabhaengiger-raum","status":"publish","type":"page","link":"https:\/\/softpower.world\/de\/info\/nicht-kommerzieller-und-unabhaengiger-raum\/","title":{"rendered":"nicht-kommerzieller und unabh\u00e4ngiger Raum"},"content":{"rendered":"<div id=\"modal-ready\">\n<h2 class=\"wp-block-heading pb-3\">Gemeinn\u00fctzigkeit und Unabh\u00e4ngigkeit<\/h2>\n\n\n\n<p><em>soft power<\/em> ist ein eingetragener, gemeinn\u00fctziger Verein. F\u00fcr die Umsetzung von Projekten sind wir auf F\u00f6rderungen und sonstige finanzielle Unterst\u00fctzung angewiesen. Zugleich wenden wir uns gegen jegliche inhaltliche Einflussnahme externer Interessensvertreter*innen, wie Sponsor*innen, Vertragspartner*innen, staatlicher F\u00f6rderungen oder privater Geldgeber*innen auf die kuratorische Arbeit der k\u00fcnstlerischen Leitung und die inhaltliche Ausrichtung des Kunstvereins.<\/p>\n<\/div>","protected":false},"excerpt":{"rendered":"<p>Gemeinn\u00fctzigkeit und Unabh\u00e4ngigkeit soft power ist ein eingetragener, gemeinn\u00fctziger Verein. F\u00fcr die Umsetzung von Projekten sind wir auf F\u00f6rderungen und sonstige finanzielle Unterst\u00fctzung angewiesen. Zugleich wenden wir uns gegen jegliche inhaltliche Einflussnahme externer Interessensvertreter*innen, wie Sponsor*innen, Vertragspartner*innen, staatlicher F\u00f6rderungen oder privater Geldgeber*innen auf die kuratorische Arbeit der k\u00fcnstlerischen Leitung und die inhaltliche Ausrichtung des Kunstvereins.<\/p>\n","protected":false},"author":1,"featured_media":0,"parent":156,"menu_order":0,"comment_status":"closed","ping_status":"closed","template":"","meta":{"_acf_changed":false,"footnotes":""},"class_list":["post-1276","page","type-page","status-publish","hentry"],"acf":[],"_links":{"self":[{"href":"https:\/\/softpower.world\/de\/wp-json\/wp\/v2\/pages\/1276","targetHints":{"allow":["GET"]}}],"collection":[{"href":"https:\/\/softpower.world\/de\/wp-json\/wp\/v2\/pages"}],"about":[{"href":"https:\/\/softpower.world\/de\/wp-json\/wp\/v2\/types\/page"}],"author":[{"embeddable":true,"href":"https:\/\/softpower.world\/de\/wp-json\/wp\/v2\/users\/1"}],"replies":[{"embeddable":true,"href":"https:\/\/softpower.world\/de\/wp-json\/wp\/v2\/comments?post=1276"}],"version-history":[{"count":6,"href":"https:\/\/softpower.world\/de\/wp-json\/wp\/v2\/pages\/1276\/revisions"}],"predecessor-version":[{"id":1621,"href":"https:\/\/softpower.world\/de\/wp-json\/wp\/v2\/pages\/1276\/revisions\/1621"}],"up":[{"embeddable":true,"href":"https:\/\/softpower.world\/de\/wp-json\/wp\/v2\/pages\/156"}],"wp:attachment":[{"href":"https:\/\/softpower.world\/de\/wp-json\/wp\/v2\/media?parent=1276"}],"curies":[{"name":"wp","href":"https:\/\/api.w.org\/{rel}","templated":true}]}}